{"id":959,"date":"2016-07-15T14:20:26","date_gmt":"2016-07-15T14:20:26","guid":{"rendered":"http:\/\/test.kriesi.at\/enfold-medical\/?page_id=959"},"modified":"2021-05-05T18:08:26","modified_gmt":"2021-05-05T16:08:26","slug":"impressum","status":"publish","type":"page","link":"https:\/\/www.tierarztpraxis-gisel.at\/index.php\/praxis\/impressum\/","title":{"rendered":"Impressum"},"content":{"rendered":"<div id='av_section_1'  class='avia-section main_color avia-section-default avia-no-border-styling  avia-bg-style-scroll  avia-builder-el-0  avia-builder-el-no-sibling   container_wrap fullsize' style=' '  ><div class='container' ><main  role=\"main\" itemprop=\"mainContentOfPage\"  class='template-page content  av-content-full alpha units'><div class='post-entry post-entry-type-page post-entry-959'><div class='entry-content-wrapper clearfix'>\n<div class=\"flex_column av_one_fifth  flex_column_div av-zero-column-padding first  avia-builder-el-1  el_before_av_two_third  avia-builder-el-first  \" style='border-radius:0px; '><\/div><div class=\"flex_column av_two_third  flex_column_div av-zero-column-padding   avia-builder-el-2  el_after_av_one_fifth  avia-builder-el-last  \" style='border-radius:0px; '><p><div  style='padding-bottom:10px; ' class='av-special-heading av-special-heading-h1    avia-builder-el-3  el_before_av_textblock  avia-builder-el-first  '><h1 class='av-special-heading-tag '  itemprop=\"headline\"  >Impressum<\/h1><div class='special-heading-border'><div class='special-heading-inner-border' ><\/div><\/div><\/div><br \/>\n<section class=\"av_textblock_section \"  itemscope=\"itemscope\" itemtype=\"https:\/\/schema.org\/CreativeWork\" ><div class='avia_textblock  '   itemprop=\"text\" ><p><strong>Tierarztpraxis Gisel<\/strong><br \/>\n<strong> Mag. med. vet. Susanna Gisel<\/strong><br \/>\nHietzinger Hauptstra\u00dfe 145\/5\/4<br \/>\n1130 Wien<\/p>\n<p>Telefon: +43 1 876 00 04<br \/>\nEmail: office@tierarztpraxis-gisel.at<\/p>\n<p>Mitglied der Tier\u00e4rztekammer Wien<br \/>\nUID: ATU 62186324<\/p>\n<hr \/>\n<p>Beh\u00f6rde gem. E-Commerce Gesetz: Magistratisches Bezirksamt f\u00fcr den 13. Bezirk in Wien<\/p>\n<p>Anwendbare Rechtsvorschriften: www.ris.bka.gv.at<br \/>\nFotos: Mag. med. vet. Susanna Gisel<\/p>\n<p>Haftung f\u00fcr Links:<br \/>\nUnsere Seiten enthalten eventuell Links zu Webseiten Dritter, auf deren Inhalte wir keinen Einfluss haben. Deshalb k\u00f6nnen wir f\u00fcr diese fremden Inhalte auch keine Gew\u00e4hr \u00fcbernehmen. F\u00fcr die Inhalte der verlinkten Seiten ist der jeweilige Anbieter oder Betreiber verantwortlich. Die verlinkten Seiten wurden zum Zeitpunkt der Verlinkung auf m\u00f6gliche Rechtsverst\u00f6\u00dfe \u00fcberpr\u00fcft. Rechtswidrige Inhalte waren zum Zeitpunkt der Verlinkung nicht erkennbar. Eine permanente inhaltliche Kontrolle der verlinkten Seiten ist jedoch ohne konkrete Anhaltspunkte einer Rechtsverletzung nicht zumutbar. Bei Bekanntwerden von Rechtsverletzungen werden derartige Links umgehend von uns entfernt.<\/p>\n<p>Urheberrecht:<br \/>\nDie erstellten Inhalte und Werke auf unserer Webseite unterliegen dem \u00f6sterreichischen Urheberrecht. Die Vervielf\u00e4ltigung, Bearbeitung, Verbreitung und jede Art der Verwertung au\u00dferhalb der Grenzen des Urheberrechtes bed\u00fcrfen unserer schriftlichen Zustimmung. Downloads und Kopien dieser Seite sind nur mit unserer ausdr\u00fccklichen Zustimmung zul\u00e4ssig. Soweit die Inhalte auf dieser Seite nicht vom Betreiber erstellt wurden, werden die Urheberrechte Dritter beachtet. Insbesondere werden Inhalte Dritter als solche gekennzeichnet.<\/p>\n<div>\n<p>Rechtliche Hinweise:<br \/>\nDie auf der Internet-Seite der Tierarztpraxis Gisel enthaltenen Texte, Bilder, audiovisuellen Inhalte und sonstigen Informationen, die Art ihrer Zusammenstellung sowie die sonstige Gestaltung der Website sind durch das Urheberrecht und andere Gesetze zum Schutz geistigen Eigentums gesch\u00fctzt. Sie d\u00fcrfen nur zu eigenen nicht-kommerziellen Zwecken genutzt werden. Eine Nachahmung, Ver\u00e4nderung, Vervielf\u00e4ltigung oder Weitergabe an Dritte ist nur mit vorheriger schriftlicher Genehmigung der Tierarztpraxis Gisel oder des jeweiligen Rechteinhabers zul\u00e4ssig. Die auf den Internet-Seiten der Tierarztpraxis Gisel abgebildeten Firmenbezeichnungen, Namen, Logos, Marken und Warenzeichen sind gesetzlich gesch\u00fctzt und d\u00fcrfen ohne vorherige schriftliche Genehmigung der Tierarztpraxis Gisel oder des jeweiligen Rechteinhabers nicht genutzt werden.<br \/>\nDie Angaben auf der Website der Tierarztpraxis Gisel dienen allgemeinen Informationszwecken und stellen kein verbindliches Angebot \u00fcber Leistungen der Tierarztpraxis Gisel dar. Sie sind keine Garantiezusagen oder verbindliche Beschreibungen bez\u00fcglich bestimmter Eigenschaften der Leistungen der Tierarztpraxis Gisel. Trotz sorgf\u00e4ltiger Auswahl und Bearbeitung der Informationen und Inhalte auf den Internet-Seiten der Tierarztpraxis Gisel sind Fehler oder Unvollst\u00e4ndigkeiten nicht zu vermeiden. Die Nutzung der Website erfolgt auf eigene Gefahr. Die Tierarztpraxis Gisel \u00fcbernimmt keine Gew\u00e4hrleistung oder Haftung f\u00fcr die auf der Website enthaltenen Inhalte und Informationen, insbesondere nicht f\u00fcr deren Richtigkeit, Aktualit\u00e4t, Qualit\u00e4t und Rechtm\u00e4\u00dfigkeit.<br \/>\nSofern im Rahmen der Website der Tierarztpraxis Gisel Verweise auf Informationsangebote Dritter, insbesondere in Form von Links auf Internetseiten Dritter enthalten sind, \u00fcbernimmt die Tierarztpraxis Gisel keine Gew\u00e4hrleistung oder Haftung f\u00fcr die Inhalte, auf die verwiesen wird. Dies gilt auch, soweit solche Informationen von verbundenen Unternehmen der Tierarztpraxis Gisel stammen. Tierarztpraxis Gisel ist nicht Urheber solcher Inhalte. Sie hat hierauf keinen Einfluss und keine M\u00f6glichkeit zur Pr\u00fcfung. Die Nutzung solcher Inhalte erfolgt auf eigene Gefahr und zu den Nutzungsbedingungen des jeweiligen Anbieters. Die Verweisung auf Inhalte Dritter ist nicht Ausdruck einer bestimmten Haltung der Tierarztpraxis Gisel zu diesen Inhalten. Insbesondere stellt die Verweisung keine Billigung der Inhalte dar. Die Tierarztpraxis Gisel macht sich die Inhalte Dritter nicht zu eigen und distanziert sich von ihnen.<br \/>\nDas Informationsangebot auf der Website der Tierarztpraxis Gisel steht unter dem Vorbehalt der technischen Verf\u00fcgbarkeit. Tierarztpraxis Gisel beh\u00e4lt sich vor, die Inhalte auf ihrer Website jederzeit zeitweise oder endg\u00fcltig zu \u00e4ndern, erg\u00e4nzen, l\u00f6schen oder bislang kostenlose Angebote kostenpflichtig auszugestalten oder ganz einzustellen.<\/p>\n<p>Allgemeines:<br \/>\nWenn im Inhalt der Website personenbezogene Bezeichnungen nur in m\u00e4nnlicher Form angef\u00fchrt sind, dient dies ausschlie\u00dflich der besseren Lesbarkeit der Texte. S\u00e4mtliche personenbezogenen Bezeichnungen sind geschlechtsneutral zu verstehen und beziehen sich auf Frauen und M\u00e4nner in gleicher Weise.<br \/>\nSollten Sie Fragen, Anregungen und\/oder Kritik zum Impressum, Datenschutz und\/oder den rechtlichen Hinweisen haben, so kontaktieren Sie uns bitte unter<br \/>\noffice@tierarztpraxis-gisel.at<br \/>\nCopyright 2021 Tierarztpraxis Gisel<\/p>\n<\/div>\n<div><\/div>\n<div>Foto: Tierarztpraxis Gisel<\/div>\n<\/div><\/section><\/p><\/div>\n","protected":false},"excerpt":{"rendered":"","protected":false},"author":1,"featured_media":0,"parent":957,"menu_order":0,"comment_status":"closed","ping_status":"closed","template":"","meta":[],"_links":{"self":[{"href":"https:\/\/www.tierarztpraxis-gisel.at\/index.php\/wp-json\/wp\/v2\/pages\/959"}],"collection":[{"href":"https:\/\/www.tierarztpraxis-gisel.at\/index.php\/wp-json\/wp\/v2\/pages"}],"about":[{"href":"https:\/\/www.tierarztpraxis-gisel.at\/index.php\/wp-json\/wp\/v2\/types\/page"}],"author":[{"embeddable":true,"href":"https:\/\/www.tierarztpraxis-gisel.at\/index.php\/wp-json\/wp\/v2\/users\/1"}],"replies":[{"embeddable":true,"href":"https:\/\/www.tierarztpraxis-gisel.at\/index.php\/wp-json\/wp\/v2\/comments?post=959"}],"version-history":[{"count":15,"href":"https:\/\/www.tierarztpraxis-gisel.at\/index.php\/wp-json\/wp\/v2\/pages\/959\/revisions"}],"predecessor-version":[{"id":2031,"href":"https:\/\/www.tierarztpraxis-gisel.at\/index.php\/wp-json\/wp\/v2\/pages\/959\/revisions\/2031"}],"up":[{"embeddable":true,"href":"https:\/\/www.tierarztpraxis-gisel.at\/index.php\/wp-json\/wp\/v2\/pages\/957"}],"wp:attachment":[{"href":"https:\/\/www.tierarztpraxis-gisel.at\/index.php\/wp-json\/wp\/v2\/media?parent=959"}],"curies":[{"name":"wp","href":"https:\/\/api.w.org\/{rel}","templated":true}]}}